{"id":22,"date":"2016-06-01T03:31:08","date_gmt":"2016-06-01T03:31:08","guid":{"rendered":"https:\/\/renedk.dk\/?page_id=22"},"modified":"2020-08-22T21:13:51","modified_gmt":"2020-08-22T20:13:51","slug":"faciliteter","status":"publish","type":"page","link":"http:\/\/renedk.dk\/?page_id=22","title":{"rendered":"Faciliteter"},"content":{"rendered":"<table style=\"width: 100%;\">\n<tbody>\n<tr style=\"height: 15px;\">\n<td style=\"height: 15px; width: 50%;\">\u2022 Lyse bokse med fordring p\u00e5 staldgang.<\/p>\n<p>\u2022 Ingen udmugning for den enkelte opstalder.<\/td>\n<td style=\"height: 15px; width: 50%;\"><img loading=\"lazy\" decoding=\"async\" class=\"aligncenter wp-image-1130 size-medium\" src=\"https:\/\/renedk.dk\/wp-content\/uploads\/2020\/08\/Billede_Andet_8242-300x200.jpg\" alt=\"\" width=\"300\" height=\"200\" srcset=\"http:\/\/renedk.dk\/wp-content\/uploads\/2020\/08\/Billede_Andet_8242-300x200.jpg 300w, http:\/\/renedk.dk\/wp-content\/uploads\/2020\/08\/Billede_Andet_8242-1024x683.jpg 1024w, http:\/\/renedk.dk\/wp-content\/uploads\/2020\/08\/Billede_Andet_8242-768x512.jpg 768w, http:\/\/renedk.dk\/wp-content\/uploads\/2020\/08\/Billede_Andet_8242-1536x1024.jpg 1536w, http:\/\/renedk.dk\/wp-content\/uploads\/2020\/08\/Billede_Andet_8242-2048x1365.jpg 2048w\" sizes=\"(max-width: 300px) 100vw, 300px\" \/><\/td>\n<\/tr>\n<tr style=\"height: 15px;\">\n<td style=\"height: 15px; width: 813px;\">\u2022 Hestene st\u00e5r i dybstr\u00f8else (Sp\u00e5ner\/piller) og boksene bliver t\u00f8mt efter behov.<\/p>\n<p>\u2022 2 gange fodring af kvalitets foder fra Horselux.<\/p>\n<p>\u2022 2 gange tildeling af wrap. N\u00e5r de kommer ind fra mark samt til nat. Ligeledes vil !)de have adgang til wrap p\u00e5 folden i vinterperioden.<\/td>\n<td style=\"height: 15px; width: 813px;\"><img loading=\"lazy\" decoding=\"async\" class=\"aligncenter wp-image-1135 size-medium\" src=\"https:\/\/renedk.dk\/wp-content\/uploads\/2020\/08\/Billede_Andet_8287-300x200.jpg\" alt=\"\" width=\"300\" height=\"200\" srcset=\"http:\/\/renedk.dk\/wp-content\/uploads\/2020\/08\/Billede_Andet_8287-300x200.jpg 300w, http:\/\/renedk.dk\/wp-content\/uploads\/2020\/08\/Billede_Andet_8287-1024x683.jpg 1024w, http:\/\/renedk.dk\/wp-content\/uploads\/2020\/08\/Billede_Andet_8287-768x512.jpg 768w, http:\/\/renedk.dk\/wp-content\/uploads\/2020\/08\/Billede_Andet_8287-1536x1024.jpg 1536w, http:\/\/renedk.dk\/wp-content\/uploads\/2020\/08\/Billede_Andet_8287-2048x1365.jpg 2048w\" sizes=\"(max-width: 300px) 100vw, 300px\" \/><\/td>\n<\/tr>\n<tr style=\"height: 15px;\">\n<td style=\"height: 15px; width: 813px;\">\u2022 Vaskeplads.<\/p>\n<p>\u2022 Tvangsboks som kan benyttes ved sygdom eller inseminering.<\/td>\n<td style=\"height: 15px; width: 813px;\"><img loading=\"lazy\" decoding=\"async\" class=\"aligncenter wp-image-1165 size-medium\" src=\"https:\/\/renedk.dk\/wp-content\/uploads\/2020\/08\/Billede_Andet_8302-300x200.jpg\" alt=\"\" width=\"300\" height=\"200\" srcset=\"http:\/\/renedk.dk\/wp-content\/uploads\/2020\/08\/Billede_Andet_8302-300x200.jpg 300w, http:\/\/renedk.dk\/wp-content\/uploads\/2020\/08\/Billede_Andet_8302-1024x683.jpg 1024w, http:\/\/renedk.dk\/wp-content\/uploads\/2020\/08\/Billede_Andet_8302-768x512.jpg 768w, http:\/\/renedk.dk\/wp-content\/uploads\/2020\/08\/Billede_Andet_8302-1536x1024.jpg 1536w, http:\/\/renedk.dk\/wp-content\/uploads\/2020\/08\/Billede_Andet_8302-2048x1365.jpg 2048w\" sizes=\"(max-width: 300px) 100vw, 300px\" \/><\/p>\n<p><img loading=\"lazy\" decoding=\"async\" class=\"aligncenter wp-image-1137 size-medium\" src=\"https:\/\/renedk.dk\/wp-content\/uploads\/2020\/08\/Billede_Andet_8296-300x200.jpg\" alt=\"\" width=\"300\" height=\"200\" srcset=\"http:\/\/renedk.dk\/wp-content\/uploads\/2020\/08\/Billede_Andet_8296-300x200.jpg 300w, http:\/\/renedk.dk\/wp-content\/uploads\/2020\/08\/Billede_Andet_8296-1024x683.jpg 1024w, http:\/\/renedk.dk\/wp-content\/uploads\/2020\/08\/Billede_Andet_8296-768x512.jpg 768w, http:\/\/renedk.dk\/wp-content\/uploads\/2020\/08\/Billede_Andet_8296-1536x1024.jpg 1536w, http:\/\/renedk.dk\/wp-content\/uploads\/2020\/08\/Billede_Andet_8296-2048x1365.jpg 2048w\" sizes=\"(max-width: 300px) 100vw, 300px\" \/><\/td>\n<\/tr>\n<tr style=\"height: 15px;\">\n<td style=\"height: 15px; width: 813px;\">\u2022 Opvarmet sadelrum.<\/p>\n<p>\u2022 Mulighed for vask af underlag mm.<\/td>\n<td style=\"height: 15px; width: 813px;\"><a href=\"https:\/\/renedk.dk\/wp-content\/uploads\/2016\/08\/DSC00467.jpg\"><img loading=\"lazy\" decoding=\"async\" class=\"aligncenter wp-image-135 size-medium\" src=\"https:\/\/renedk.dk\/wp-content\/uploads\/2016\/08\/DSC00467-300x200.jpg\" alt=\"\" width=\"300\" height=\"200\" \/><\/a><\/td>\n<\/tr>\n<tr style=\"height: 15px;\">\n<td style=\"height: 15px; width: 813px;\">\u2022 Udlukning alle ugens dage.<\/p>\n<p>\u2022 Store gr\u00f8nne folde til sommer brug. ca. 16 ha<\/p>\n<p>\u2022 Mulighed for d\u00f8gnfold i sommerhalv\u00e5ret.<\/td>\n<td style=\"height: 15px; width: 813px;\"><img loading=\"lazy\" decoding=\"async\" class=\"aligncenter wp-image-1157 size-medium\" src=\"https:\/\/renedk.dk\/wp-content\/uploads\/2020\/08\/Billede_Ejendommen_8323-300x200.jpg\" alt=\"\" width=\"300\" height=\"200\" srcset=\"http:\/\/renedk.dk\/wp-content\/uploads\/2020\/08\/Billede_Ejendommen_8323-300x200.jpg 300w, http:\/\/renedk.dk\/wp-content\/uploads\/2020\/08\/Billede_Ejendommen_8323-1024x683.jpg 1024w, http:\/\/renedk.dk\/wp-content\/uploads\/2020\/08\/Billede_Ejendommen_8323-768x512.jpg 768w, http:\/\/renedk.dk\/wp-content\/uploads\/2020\/08\/Billede_Ejendommen_8323-1536x1024.jpg 1536w, http:\/\/renedk.dk\/wp-content\/uploads\/2020\/08\/Billede_Ejendommen_8323-2048x1365.jpg 2048w\" sizes=\"(max-width: 300px) 100vw, 300px\" \/><\/td>\n<\/tr>\n<tr style=\"height: 15px;\">\n<td style=\"height: 15px; width: 813px;\">\u2022 Vinterfoldene er muddersikret med spalter.<\/td>\n<td style=\"height: 15px; width: 813px;\"><img loading=\"lazy\" decoding=\"async\" class=\"aligncenter wp-image-1140 size-medium\" src=\"https:\/\/renedk.dk\/wp-content\/uploads\/2020\/08\/Billede_Ejendommen_5504-300x200.jpg\" alt=\"\" width=\"300\" height=\"200\" srcset=\"http:\/\/renedk.dk\/wp-content\/uploads\/2020\/08\/Billede_Ejendommen_5504-300x200.jpg 300w, http:\/\/renedk.dk\/wp-content\/uploads\/2020\/08\/Billede_Ejendommen_5504-1024x683.jpg 1024w, http:\/\/renedk.dk\/wp-content\/uploads\/2020\/08\/Billede_Ejendommen_5504-768x512.jpg 768w, http:\/\/renedk.dk\/wp-content\/uploads\/2020\/08\/Billede_Ejendommen_5504-1536x1024.jpg 1536w, http:\/\/renedk.dk\/wp-content\/uploads\/2020\/08\/Billede_Ejendommen_5504-2048x1365.jpg 2048w\" sizes=\"(max-width: 300px) 100vw, 300px\" \/><\/td>\n<\/tr>\n<tr style=\"height: 15px;\">\n<td style=\"height: 15px; width: 813px;\">\u2022 Ridehus 20 x 60 meter med spejl p\u00e5 den ene kortside og vandingsanl\u00e6g.<\/p>\n<p>\u2022 Springmateriel til fri afbenyttelse. (Evt. aftales f\u00e6lles l\u00f8sspringning)<\/td>\n<td style=\"height: 15px; width: 813px;\"><img loading=\"lazy\" decoding=\"async\" class=\"aligncenter wp-image-1132 size-medium\" src=\"https:\/\/renedk.dk\/wp-content\/uploads\/2020\/08\/Billede_Andet_8259-300x200.jpg\" alt=\"\" width=\"300\" height=\"200\" srcset=\"http:\/\/renedk.dk\/wp-content\/uploads\/2020\/08\/Billede_Andet_8259-300x200.jpg 300w, http:\/\/renedk.dk\/wp-content\/uploads\/2020\/08\/Billede_Andet_8259-1024x683.jpg 1024w, http:\/\/renedk.dk\/wp-content\/uploads\/2020\/08\/Billede_Andet_8259-768x512.jpg 768w, http:\/\/renedk.dk\/wp-content\/uploads\/2020\/08\/Billede_Andet_8259-1536x1024.jpg 1536w, http:\/\/renedk.dk\/wp-content\/uploads\/2020\/08\/Billede_Andet_8259-2048x1365.jpg 2048w\" sizes=\"(max-width: 300px) 100vw, 300px\" \/><\/td>\n<\/tr>\n<tr style=\"height: 15px;\">\n<td style=\"height: 15px; width: 813px;\">\u2022 Udend\u00f8res dr\u00e6net dressurbane 20 x 60 meter.<\/td>\n<td style=\"height: 15px; width: 813px;\"><img loading=\"lazy\" decoding=\"async\" class=\"aligncenter wp-image-1148 size-medium\" src=\"https:\/\/renedk.dk\/wp-content\/uploads\/2020\/08\/Billede_Ejendommen_8304-300x200.jpg\" alt=\"\" width=\"300\" height=\"200\" srcset=\"http:\/\/renedk.dk\/wp-content\/uploads\/2020\/08\/Billede_Ejendommen_8304-300x200.jpg 300w, http:\/\/renedk.dk\/wp-content\/uploads\/2020\/08\/Billede_Ejendommen_8304-1024x683.jpg 1024w, http:\/\/renedk.dk\/wp-content\/uploads\/2020\/08\/Billede_Ejendommen_8304-768x512.jpg 768w, http:\/\/renedk.dk\/wp-content\/uploads\/2020\/08\/Billede_Ejendommen_8304-1536x1024.jpg 1536w, http:\/\/renedk.dk\/wp-content\/uploads\/2020\/08\/Billede_Ejendommen_8304-2048x1365.jpg 2048w\" sizes=\"(max-width: 300px) 100vw, 300px\" \/><\/td>\n<\/tr>\n<tr style=\"height: 15px;\">\n<td style=\"height: 15px; width: 813px;\">\u2022 Mulighed for l\u00e5n af hestetrailer.<\/td>\n<td style=\"height: 15px; width: 813px;\"><\/td>\n<\/tr>\n<tr style=\"height: 15px;\">\n<td style=\"height: 15px; width: 813px;\"><\/td>\n<td style=\"height: 15px; width: 813px;\"><\/td>\n<\/tr>\n<tr style=\"height: 15px;\">\n<td style=\"height: 15px; width: 813px;\"><\/td>\n<td style=\"height: 15px; width: 813px;\"><\/td>\n<\/tr>\n<tr style=\"height: 15px;\">\n<td style=\"height: 15px; width: 813px;\"><\/td>\n<td style=\"height: 15px; width: 813px;\"><\/td>\n<\/tr>\n<tr style=\"height: 15px;\">\n<td style=\"height: 15px; width: 813px;\" colspan=\"2\"><a id=\"link\"><\/a> \u00a0\u2022 Hver opstalder har en indlukningsvagt, sammen med \u00e9n anden opstalder, en fast hverdag i ugen (man-tors). Det forventes at hestene bliver lukket ind mellem 15-17 samt fodret efterf\u00f8lgende. Hvis vejret er d\u00e5rligt, kan hestene tages ind f\u00f8r. Der kan laves aftaler indbyrdes vedr\u00f8rende indlukning af hestene, begge parter skal v\u00e6re indforst\u00e5et hermed.<\/td>\n<\/tr>\n<tr style=\"height: 15px;\">\n<td style=\"height: 15px; width: 813px;\"><\/td>\n<td style=\"height: 15px; width: 813px;\"><\/td>\n<\/tr>\n<tr style=\"height: 15px;\">\n<td style=\"height: 15px; width: 813px;\" colspan=\"2\">\u2022 Hver opstalder har en indlukningsvagt ca. hver 11. weekend, hvor hestene skal lukkes ind fredag, l\u00f8rdag og s\u00f8ndag. Her kan hesteejeren bytte eller s\u00e6lge til anden pension\u00e6r.<\/td>\n<\/tr>\n<tr style=\"height: 15px;\">\n<td style=\"height: 15px; width: 813px;\"><\/td>\n<td style=\"height: 15px; width: 813px;\"><\/td>\n<\/tr>\n<tr style=\"height: 15px;\">\n<td style=\"height: 15px; width: 813px;\" colspan=\"2\">\u2022 Undervisning p\u00e5 stedet af egne undervisere. Dog skal det oplyses i facebook-gruppen. Der kan undervises af en underviser af gangen og hallen er naturligvis \u00e5ben for andre imens.<\/td>\n<\/tr>\n<\/tbody>\n<\/table>\n","protected":false},"excerpt":{"rendered":"<p>\u2022 Lyse bokse med fordring p\u00e5 staldgang. \u2022 Ingen udmugning for den enkelte opstalder. \u2022 Hestene st\u00e5r i dybstr\u00f8else (Sp\u00e5ner\/piller) og boksene bliver t\u00f8mt efter behov. \u2022 2 gange fodring&hellip; <\/p>\n","protected":false},"author":1,"featured_media":0,"parent":0,"menu_order":2,"comment_status":"closed","ping_status":"closed","template":"","meta":{"footnotes":""},"_links":{"self":[{"href":"http:\/\/renedk.dk\/index.php?rest_route=\/wp\/v2\/pages\/22"}],"collection":[{"href":"http:\/\/renedk.dk\/index.php?rest_route=\/wp\/v2\/pages"}],"about":[{"href":"http:\/\/renedk.dk\/index.php?rest_route=\/wp\/v2\/types\/page"}],"author":[{"embeddable":true,"href":"http:\/\/renedk.dk\/index.php?rest_route=\/wp\/v2\/users\/1"}],"replies":[{"embeddable":true,"href":"http:\/\/renedk.dk\/index.php?rest_route=%2Fwp%2Fv2%2Fcomments&post=22"}],"version-history":[{"count":46,"href":"http:\/\/renedk.dk\/index.php?rest_route=\/wp\/v2\/pages\/22\/revisions"}],"predecessor-version":[{"id":1257,"href":"http:\/\/renedk.dk\/index.php?rest_route=\/wp\/v2\/pages\/22\/revisions\/1257"}],"wp:attachment":[{"href":"http:\/\/renedk.dk\/index.php?rest_route=%2Fwp%2Fv2%2Fmedia&parent=22"}],"curies":[{"name":"wp","href":"https:\/\/api.w.org\/{rel}","templated":true}]}}