{"id":1398,"date":"2023-10-20T21:22:25","date_gmt":"2023-10-20T20:22:25","guid":{"rendered":"https:\/\/renedk.dk\/?page_id=1398"},"modified":"2024-05-10T07:12:31","modified_gmt":"2024-05-10T06:12:31","slug":"velkommen","status":"publish","type":"page","link":"http:\/\/renedk.dk\/","title":{"rendered":"Velkommen"},"content":{"rendered":"<p><span><style id=\"wp_carousel_dynamic_css1469\">#sp-wp-carousel-free-id-1469.sp-wpcp-1469 .wpcp-single-item {border: 1px solid #dddddd;}#sp-wp-carousel-free-id-1469.sp-wpcp-1469 .swiper-button-prev,#sp-wp-carousel-free-id-1469.sp-wpcp-1469 .swiper-button-next,#sp-wp-carousel-free-id-1469.sp-wpcp-1469 .swiper-button-prev:hover,#sp-wp-carousel-free-id-1469.sp-wpcp-1469 .swiper-button-next:hover {background: none;border: none;font-size: 30px;}#sp-wp-carousel-free-id-1469.sp-wpcp-1469 .swiper-button-prev i,#sp-wp-carousel-free-id-1469.sp-wpcp-1469 .swiper-button-next i {color: #aaa;}#sp-wp-carousel-free-id-1469.sp-wpcp-1469 .swiper-button-prev i:hover,#sp-wp-carousel-free-id-1469.sp-wpcp-1469 .swiper-button-next i:hover {color: #178087;}#sp-wp-carousel-free-id-1469.sp-wpcp-1469 .wpcp-swiper-dots .swiper-pagination-bullet {background-color: #cccccc;}#sp-wp-carousel-free-id-1469.sp-wpcp-1469 .wpcp-swiper-dots .swiper-pagination-bullet.swiper-pagination-bullet-active {background-color: #178087;} #sp-wp-carousel-free-id-1469.sp-wpcp-1469.wpcp-image-carousel .wpcp-single-item:hover img, #sp-wp-carousel-free-id-1469.sp-wpcp-1469.wpcp-post-carousel .wpcp-single-item:hover img, #sp-wp-carousel-free-id-1469.sp-wpcp-1469.wpcp-product-carousel .wpcp-single-item:hover img{-webkit-transform: scale(1.2);-moz-transform: scale(1.2);transform: scale(1.2);}#sp-wp-carousel-free-id-1469 .wpcpro-row>[class*=\"wpcpro-col-\"] { padding: 0 10px; padding-bottom: 20px;}@media (min-width: 480px) { .wpcpro-row .wpcpro-col-sm-1 { flex: 0 0 100%; max-width: 100%; } .wpcpro-row .wpcpro-col-sm-2 { flex: 0 0 50%; max-width: 50%; } .wpcpro-row .wpcpro-col-sm-2-5 { flex: 0 0 75%; max-width: 75%; } .wpcpro-row .wpcpro-col-sm-3 { flex: 0 0 33.333%; max-width: 33.333%; } .wpcpro-row .wpcpro-col-sm-4 { flex: 0 0 25%; max-width: 25%; } .wpcpro-row .wpcpro-col-sm-5 { flex: 0 0 20%; max-width: 20%; } .wpcpro-row .wpcpro-col-sm-6 { flex: 0 0 16.66666666666667%; max-width: 16.66666666666667%; } .wpcpro-row .wpcpro-col-sm-7 { flex: 0 0 14.28571428%; max-width: 14.28571428%; } .wpcpro-row .wpcpro-col-sm-8 { flex: 0 0 12.5%; max-width: 12.5%; } } @media (max-width: 480px) { .wpcpro-row .wpcpro-col-xs-1 { flex: 0 0 100%; max-width: 100%; } .wpcpro-row .wpcpro-col-xs-2 { flex: 0 0 50%; max-width: 50%; } .wpcpro-row .wpcpro-col-xs-3 { flex: 0 0 33.222%; max-width: 33.222%; } .wpcpro-row .wpcpro-col-xs-4 { flex: 0 0 25%; max-width: 25%; } .wpcpro-row .wpcpro-col-xs-5 { flex: 0 0 20%; max-width: 20%; } .wpcpro-row .wpcpro-col-xs-6 { flex: 0 0 16.6667%; max-width: 16.6667%; } .wpcpro-row .wpcpro-col-xs-7 { flex: 0 0 14.28571428%; max-width: 14.28571428%; } .wpcpro-row .wpcpro-col-xs-8 { flex: 0 0 12.5%; max-width: 12.5%; } } @media (min-width: 736px) { .wpcpro-row .wpcpro-col-md-1 { flex: 0 0 100%; max-width: 100%; } .wpcpro-row .wpcpro-col-md-2 { flex: 0 0 50%; max-width: 50%; } .wpcpro-row .wpcpro-col-md-2-5 { flex: 0 0 75%; max-width: 75%; } .wpcpro-row .wpcpro-col-md-3 { flex: 0 0 33.333%; max-width: 33.333%; } .wpcpro-row .wpcpro-col-md-4 { flex: 0 0 25%; max-width: 25%; } .wpcpro-row .wpcpro-col-md-5 { flex: 0 0 20%; max-width: 20%; } .wpcpro-row .wpcpro-col-md-6 { flex: 0 0 16.66666666666667%; max-width: 16.66666666666667%; } .wpcpro-row .wpcpro-col-md-7 { flex: 0 0 14.28571428%; max-width: 14.28571428%; } .wpcpro-row .wpcpro-col-md-8 { flex: 0 0 12.5%; max-width: 12.5%; } } @media (min-width: 980px) { .wpcpro-row .wpcpro-col-lg-1 { flex: 0 0 100%; max-width: 100%; } .wpcpro-row .wpcpro-col-lg-2 { flex: 0 0 50%; max-width: 50%; } .wpcpro-row .wpcpro-col-lg-3 { flex: 0 0 33.222%; max-width: 33.222%; } .wpcpro-row .wpcpro-col-lg-4 { flex: 0 0 25%; max-width: 25%; } .wpcpro-row .wpcpro-col-lg-5 { flex: 0 0 20%; max-width: 20%; } .wpcpro-row .wpcpro-col-lg-6 { flex: 0 0 16.6667%; max-width: 16.6667%; } .wpcpro-row .wpcpro-col-lg-7 { flex: 0 0 14.28571428%; max-width: 14.28571428%; } .wpcpro-row .wpcpro-col-lg-8 { flex: 0 0 12.5%; max-width: 12.5%; } } @media (min-width: 1200px) { .wpcpro-row .wpcpro-col-xl-1 { flex: 0 0 100%; max-width: 100%; } .wpcpro-row .wpcpro-col-xl-2 { flex: 0 0 50%; max-width: 50%; } .wpcpro-row .wpcpro-col-xl-3 { flex: 0 0 33.22222222%; max-width: 33.22222222%; } .wpcpro-row .wpcpro-col-xl-4 { flex: 0 0 25%; max-width: 25%; } .wpcpro-row .wpcpro-col-xl-5 { flex: 0 0 20%; max-width: 20%; } .wpcpro-row .wpcpro-col-xl-6 { flex: 0 0 16.66667%; max-width: 16.66667%; } .wpcpro-row .wpcpro-col-xl-7 { flex: 0 0 14.28571428%; max-width: 14.28571428%; } .wpcpro-row .wpcpro-col-xl-8 { flex: 0 0 12.5%; max-width: 12.5%; } }<\/style><div class=\"wpcp-carousel-wrapper wpcp-wrapper-1469\">\n\t<div id=\"wpcp-preloader-1469\" class=\"wpcp-carousel-preloader\"><img decoding=\"async\" src=\"http:\/\/renedk.dk\/wp-content\/plugins\/wp-carousel-free\/public\/css\/spinner.svg\" alt=\"Preloader Image\" \/><\/div>\t<div class=\"wpcp-carousel-content-wrapper\">\n\t<div id=\"sp-wp-carousel-free-id-1469\" class=\"wpcp-carousel-section sp-wpcp-1469  nav-vertical-center wpcp-image-carousel wpcp-preloader wpcp-standard\" data-swiper='{ &quot;accessibility&quot;:true, &quot;spaceBetween&quot;:20, &quot;arrows&quot;:true, &quot;freeMode&quot;: false, &quot;autoplay&quot;:true, &quot;autoplaySpeed&quot;:3000, &quot;dots&quot;:true, &quot;infinite&quot;:true, &quot;speed&quot;:600, &quot;pauseOnHover&quot;:true,\n\t\t\t&quot;slidesToShow&quot;:{&quot;lg_desktop&quot;:1, &quot;desktop&quot;: 1, &quot;laptop&quot;: 1, &quot;tablet&quot;: 1, &quot;mobile&quot;: 1}, &quot;responsive&quot;:{&quot;desktop&quot;:1200, &quot;laptop&quot;: 980, &quot;tablet&quot;: 736, &quot;mobile&quot;: 480}, &quot;rtl&quot;:false, &quot;lazyLoad&quot;: &quot;false&quot;, &quot;swipe&quot;: true, &quot;draggable&quot;: true, &quot;swipeToSlide&quot;:false }' dir=\"ltr\">\n\t\t<div class=\"swiper-wrapper\">\n\t\t<div class=\"swiper-slide\">\n\t<div class=\"wpcp-single-item\">\n\t\t\t<a class=\"wcp-light-box\" data-buttons='[\"close\"]' data-wpc_url='http:\/\/renedk.dk\/wp-content\/uploads\/2020\/08\/Billede_Ejendommen_5550-768x512.jpg' href=\"http:\/\/renedk.dk\/wp-content\/uploads\/2020\/08\/Billede_Ejendommen_5550-768x512.jpg\" data-fancybox=\"wpcp_view\">\n\t\t<figure>\n\t\t\t<img loading=\"lazy\" decoding=\"async\" class=\"skip-lazy\" src=\"http:\/\/renedk.dk\/wp-content\/uploads\/2020\/08\/Billede_Ejendommen_5550-768x512.jpg\" alt=\"Billede_Ejendommen_5550\" width=\"768\" height=\"512\">\t\t<\/figure>\n\t<\/a>\n\t\t<\/div>\n<\/div>\n\t<div class=\"swiper-slide\">\n\t<div class=\"wpcp-single-item\">\n\t\t\t<a class=\"wcp-light-box\" data-buttons='[\"close\"]' data-wpc_url='http:\/\/renedk.dk\/wp-content\/uploads\/2020\/08\/Billede_Ejendommen_8350-768x512.jpg' href=\"http:\/\/renedk.dk\/wp-content\/uploads\/2020\/08\/Billede_Ejendommen_8350-768x512.jpg\" data-fancybox=\"wpcp_view\">\n\t\t<figure>\n\t\t\t<img loading=\"lazy\" decoding=\"async\" class=\"skip-lazy\" src=\"http:\/\/renedk.dk\/wp-content\/uploads\/2020\/08\/Billede_Ejendommen_8350-768x512.jpg\" alt=\"Billede_Ejendommen_8350\" width=\"768\" height=\"512\">\t\t<\/figure>\n\t<\/a>\n\t\t<\/div>\n<\/div>\n\t<div class=\"swiper-slide\">\n\t<div class=\"wpcp-single-item\">\n\t\t\t<a class=\"wcp-light-box\" data-buttons='[\"close\"]' data-wpc_url='http:\/\/renedk.dk\/wp-content\/uploads\/2020\/08\/Billede_Andet_8259-768x512.jpg' href=\"http:\/\/renedk.dk\/wp-content\/uploads\/2020\/08\/Billede_Andet_8259-768x512.jpg\" data-fancybox=\"wpcp_view\">\n\t\t<figure>\n\t\t\t<img loading=\"lazy\" decoding=\"async\" class=\"skip-lazy\" src=\"http:\/\/renedk.dk\/wp-content\/uploads\/2020\/08\/Billede_Andet_8259-768x512.jpg\" alt=\"Billede_Andet_8259\" width=\"768\" height=\"512\">\t\t<\/figure>\n\t<\/a>\n\t\t<\/div>\n<\/div>\n\t<div class=\"swiper-slide\">\n\t<div class=\"wpcp-single-item\">\n\t\t\t<a class=\"wcp-light-box\" data-buttons='[\"close\"]' data-wpc_url='http:\/\/renedk.dk\/wp-content\/uploads\/2020\/08\/Billede_Andet_8242-768x512.jpg' href=\"http:\/\/renedk.dk\/wp-content\/uploads\/2020\/08\/Billede_Andet_8242-768x512.jpg\" data-fancybox=\"wpcp_view\">\n\t\t<figure>\n\t\t\t<img loading=\"lazy\" decoding=\"async\" class=\"skip-lazy\" src=\"http:\/\/renedk.dk\/wp-content\/uploads\/2020\/08\/Billede_Andet_8242-768x512.jpg\" alt=\"Billede_Andet_8242\" width=\"768\" height=\"512\">\t\t<\/figure>\n\t<\/a>\n\t\t<\/div>\n<\/div>\n\t<div class=\"swiper-slide\">\n\t<div class=\"wpcp-single-item\">\n\t\t\t<a class=\"wcp-light-box\" data-buttons='[\"close\"]' data-wpc_url='http:\/\/renedk.dk\/wp-content\/uploads\/2020\/08\/Billede_Andet_8281-768x512.jpg' href=\"http:\/\/renedk.dk\/wp-content\/uploads\/2020\/08\/Billede_Andet_8281-768x512.jpg\" data-fancybox=\"wpcp_view\">\n\t\t<figure>\n\t\t\t<img loading=\"lazy\" decoding=\"async\" class=\"skip-lazy\" src=\"http:\/\/renedk.dk\/wp-content\/uploads\/2020\/08\/Billede_Andet_8281-768x512.jpg\" alt=\"Billede_Andet_8281\" width=\"768\" height=\"512\">\t\t<\/figure>\n\t<\/a>\n\t\t<\/div>\n<\/div>\n\t<div class=\"swiper-slide\">\n\t<div class=\"wpcp-single-item\">\n\t\t\t<a class=\"wcp-light-box\" data-buttons='[\"close\"]' data-wpc_url='http:\/\/renedk.dk\/wp-content\/uploads\/2020\/08\/Billede_Andet_8287-768x512.jpg' href=\"http:\/\/renedk.dk\/wp-content\/uploads\/2020\/08\/Billede_Andet_8287-768x512.jpg\" data-fancybox=\"wpcp_view\">\n\t\t<figure>\n\t\t\t<img loading=\"lazy\" decoding=\"async\" class=\"skip-lazy\" src=\"http:\/\/renedk.dk\/wp-content\/uploads\/2020\/08\/Billede_Andet_8287-768x512.jpg\" alt=\"Billede_Andet_8287\" width=\"768\" height=\"512\">\t\t<\/figure>\n\t<\/a>\n\t\t<\/div>\n<\/div>\n\t<div class=\"swiper-slide\">\n\t<div class=\"wpcp-single-item\">\n\t\t\t<a class=\"wcp-light-box\" data-buttons='[\"close\"]' data-wpc_url='http:\/\/renedk.dk\/wp-content\/uploads\/2020\/08\/Billede_Ejendommen_5555-1-768x512.jpg' href=\"http:\/\/renedk.dk\/wp-content\/uploads\/2020\/08\/Billede_Ejendommen_5555-1-768x512.jpg\" data-fancybox=\"wpcp_view\">\n\t\t<figure>\n\t\t\t<img loading=\"lazy\" decoding=\"async\" class=\"skip-lazy\" src=\"http:\/\/renedk.dk\/wp-content\/uploads\/2020\/08\/Billede_Ejendommen_5555-1-768x512.jpg\" alt=\"Billede_Ejendommen_5555\" width=\"768\" height=\"512\">\t\t<\/figure>\n\t<\/a>\n\t\t<\/div>\n<\/div>\n\t<div class=\"swiper-slide\">\n\t<div class=\"wpcp-single-item\">\n\t\t\t<a class=\"wcp-light-box\" data-buttons='[\"close\"]' data-wpc_url='http:\/\/renedk.dk\/wp-content\/uploads\/2020\/08\/Billede_Ejendommen_5504-768x512.jpg' href=\"http:\/\/renedk.dk\/wp-content\/uploads\/2020\/08\/Billede_Ejendommen_5504-768x512.jpg\" data-fancybox=\"wpcp_view\">\n\t\t<figure>\n\t\t\t<img loading=\"lazy\" decoding=\"async\" class=\"skip-lazy\" src=\"http:\/\/renedk.dk\/wp-content\/uploads\/2020\/08\/Billede_Ejendommen_5504-768x512.jpg\" alt=\"Billede_Ejendommen_5504\" width=\"768\" height=\"512\">\t\t<\/figure>\n\t<\/a>\n\t\t<\/div>\n<\/div>\n\t<div class=\"swiper-slide\">\n\t<div class=\"wpcp-single-item\">\n\t\t\t<a class=\"wcp-light-box\" data-buttons='[\"close\"]' data-wpc_url='http:\/\/renedk.dk\/wp-content\/uploads\/2020\/08\/Billede_Ejendommen_8304-768x512.jpg' href=\"http:\/\/renedk.dk\/wp-content\/uploads\/2020\/08\/Billede_Ejendommen_8304-768x512.jpg\" data-fancybox=\"wpcp_view\">\n\t\t<figure>\n\t\t\t<img loading=\"lazy\" decoding=\"async\" class=\"skip-lazy\" src=\"http:\/\/renedk.dk\/wp-content\/uploads\/2020\/08\/Billede_Ejendommen_8304-768x512.jpg\" alt=\"Billede_Ejendommen_8304\" width=\"768\" height=\"512\">\t\t<\/figure>\n\t<\/a>\n\t\t<\/div>\n<\/div>\n\t<div class=\"swiper-slide\">\n\t<div class=\"wpcp-single-item\">\n\t\t\t<a class=\"wcp-light-box\" data-buttons='[\"close\"]' data-wpc_url='http:\/\/renedk.dk\/wp-content\/uploads\/2020\/08\/Billede_Ejendommen_5542-768x512.jpg' href=\"http:\/\/renedk.dk\/wp-content\/uploads\/2020\/08\/Billede_Ejendommen_5542-768x512.jpg\" data-fancybox=\"wpcp_view\">\n\t\t<figure>\n\t\t\t<img loading=\"lazy\" decoding=\"async\" class=\"skip-lazy\" src=\"http:\/\/renedk.dk\/wp-content\/uploads\/2020\/08\/Billede_Ejendommen_5542-768x512.jpg\" alt=\"Billede_Ejendommen_5542\" width=\"768\" height=\"512\">\t\t<\/figure>\n\t<\/a>\n\t\t<\/div>\n<\/div>\n\t<div class=\"swiper-slide\">\n\t<div class=\"wpcp-single-item\">\n\t\t\t<a class=\"wcp-light-box\" data-buttons='[\"close\"]' data-wpc_url='http:\/\/renedk.dk\/wp-content\/uploads\/2020\/08\/Billede_Ejendommen_8323-768x512.jpg' href=\"http:\/\/renedk.dk\/wp-content\/uploads\/2020\/08\/Billede_Ejendommen_8323-768x512.jpg\" data-fancybox=\"wpcp_view\">\n\t\t<figure>\n\t\t\t<img loading=\"lazy\" decoding=\"async\" class=\"skip-lazy\" src=\"http:\/\/renedk.dk\/wp-content\/uploads\/2020\/08\/Billede_Ejendommen_8323-768x512.jpg\" alt=\"Billede_Ejendommen_8323\" width=\"768\" height=\"512\">\t\t<\/figure>\n\t<\/a>\n\t\t<\/div>\n<\/div>\n\t<div class=\"swiper-slide\">\n\t<div class=\"wpcp-single-item\">\n\t\t\t<a class=\"wcp-light-box\" data-buttons='[\"close\"]' data-wpc_url='http:\/\/renedk.dk\/wp-content\/uploads\/2020\/08\/Billede_Ejendommen_5518-1-768x512.jpg' href=\"http:\/\/renedk.dk\/wp-content\/uploads\/2020\/08\/Billede_Ejendommen_5518-1-768x512.jpg\" data-fancybox=\"wpcp_view\">\n\t\t<figure>\n\t\t\t<img loading=\"lazy\" decoding=\"async\" class=\"skip-lazy\" src=\"http:\/\/renedk.dk\/wp-content\/uploads\/2020\/08\/Billede_Ejendommen_5518-1-768x512.jpg\" alt=\"Billede_Ejendommen_5518\" width=\"768\" height=\"512\">\t\t<\/figure>\n\t<\/a>\n\t\t<\/div>\n<\/div>\n\t<div class=\"swiper-slide\">\n\t<div class=\"wpcp-single-item\">\n\t\t\t<a class=\"wcp-light-box\" data-buttons='[\"close\"]' data-wpc_url='http:\/\/renedk.dk\/wp-content\/uploads\/2020\/08\/Billede_Ejendommen_8339-768x512.jpg' href=\"http:\/\/renedk.dk\/wp-content\/uploads\/2020\/08\/Billede_Ejendommen_8339-768x512.jpg\" data-fancybox=\"wpcp_view\">\n\t\t<figure>\n\t\t\t<img loading=\"lazy\" decoding=\"async\" class=\"skip-lazy\" src=\"http:\/\/renedk.dk\/wp-content\/uploads\/2020\/08\/Billede_Ejendommen_8339-768x512.jpg\" alt=\"Billede_Ejendommen_8339\" width=\"768\" height=\"512\">\t\t<\/figure>\n\t<\/a>\n\t\t<\/div>\n<\/div>\n\t\t\t<\/div>\n\t\t\t\t\t<div class=\"wpcp-swiper-dots swiper-pagination\"><\/div>\n\t\t\t\t<!-- If we need navigation buttons -->\n\t\t\t\t\t<div class=\"wpcp-prev-button swiper-button-prev\"><i class=\"fa fa-angle-left\"><\/i><\/div>\n\t\t\t<div class=\"wpcp-next-button swiper-button-next\"><i class=\"fa fa-angle-right\"><\/i><\/div>\n\t\t\t<\/div>\n\t<\/div>\n<\/div>\n<\/span><\/p>\n<table style=\"width: 100%; height: 226px;\">\n<tbody>\n<tr style=\"height: 78px;\">\n<td style=\"text-align: center; height: 78px;\">\n<hr \/>\n<p><span style=\"font-size: 18pt;\"><span style=\"color: #fa6114;\">Egknudgaard<\/span><\/span><\/td>\n<\/tr>\n<tr style=\"height: 24px;\">\n<td style=\"height: 24px;\"><strong>Egknudgaard er en moderniseret hestepension i natursk\u00f8nne omgivelser &#8211; best\u00e5ende af bla. ridehal, ridebane &amp; store gr\u00e6sfolde.<br \/>\n<\/strong><\/td>\n<\/tr>\n<tr style=\"height: 24px;\">\n<td style=\"text-align: center; height: 24px;\"><\/td>\n<\/tr>\n<tr style=\"height: 24px;\">\n<td style=\"height: 24px;\"><em>Du er altid velkommen til at komme forbi og se stedet, og kan altid komme p\u00e5 venteliste hvis ikke der er nogen frie bokse.<\/em><\/td>\n<\/tr>\n<tr style=\"height: 18px;\">\n<td style=\"height: 18px;\">\n<hr \/>\n<\/td>\n<\/tr>\n<tr style=\"height: 24px;\">\n<td style=\"text-align: center; height: 24px;\">\n<table style=\"border-collapse: collapse; width: 100%;\">\n<tbody>\n<tr>\n<td style=\"width: 33.3333%;\"><img loading=\"lazy\" decoding=\"async\" class=\"size-full wp-image-1321 aligncenter\" src=\"https:\/\/renedk.dk\/wp-content\/uploads\/2022\/01\/download-2.png\" alt=\"\" width=\"200\" height=\"100\" \/><span style=\"color: #339966; font-family: 'book antiqua', palatino, serif; font-size: 14px;\">Hos Egknudgaard bruger vi udelukkende gr\u00f8n produceret str\u00f8m fra Natur Energi.<\/span><\/td>\n<td style=\"width: 33.3333%;\"><img loading=\"lazy\" decoding=\"async\" class=\"aligncenter wp-image-1322\" src=\"https:\/\/renedk.dk\/wp-content\/uploads\/2022\/01\/logo.png\" alt=\"\" width=\"100\" height=\"100\" srcset=\"http:\/\/renedk.dk\/wp-content\/uploads\/2022\/01\/logo.png 500w, http:\/\/renedk.dk\/wp-content\/uploads\/2022\/01\/logo-300x300.png 300w, http:\/\/renedk.dk\/wp-content\/uploads\/2022\/01\/logo-150x150.png 150w\" sizes=\"(max-width: 100px) 100vw, 100px\" \/><span style=\"color: #993300; font-size: 14px; font-family: 'book antiqua', palatino, serif;\">Vi st\u00f8tter de blindes arbejde.<\/span><\/td>\n<td style=\"width: 33.3333%;\"><img loading=\"lazy\" decoding=\"async\" class=\"aligncenter wp-image-1332\" src=\"https:\/\/renedk.dk\/wp-content\/uploads\/2022\/01\/846101-1.jpg\" alt=\"\" width=\"185\" height=\"100\" srcset=\"http:\/\/renedk.dk\/wp-content\/uploads\/2022\/01\/846101-1.jpg 417w, http:\/\/renedk.dk\/wp-content\/uploads\/2022\/01\/846101-1-300x162.jpg 300w\" sizes=\"(max-width: 185px) 100vw, 185px\" \/><span style=\"font-family: 'book antiqua', palatino, serif; font-size: 14px;\">I Ridehuset er der netop installeret led belysning for bedre spredning samt mere hvidt lys.<\/span><\/td>\n<\/tr>\n<\/tbody>\n<\/table>\n<\/td>\n<\/tr>\n<tr>\n<td style=\"text-align: center;\" data-wp-editing=\"1\"><span style=\"color: #339966;\">\u00a0<\/span><\/td>\n<\/tr>\n<\/tbody>\n<\/table>\n","protected":false},"excerpt":{"rendered":"<p>Egknudgaard Egknudgaard er en moderniseret hestepension i natursk\u00f8nne omgivelser &#8211; best\u00e5ende af bla. ridehal, ridebane &amp; store gr\u00e6sfolde. Du er altid velkommen til at komme forbi og se stedet, og&hellip; <\/p>\n","protected":false},"author":1,"featured_media":0,"parent":0,"menu_order":0,"comment_status":"closed","ping_status":"closed","template":"","meta":{"footnotes":""},"_links":{"self":[{"href":"http:\/\/renedk.dk\/index.php?rest_route=\/wp\/v2\/pages\/1398"}],"collection":[{"href":"http:\/\/renedk.dk\/index.php?rest_route=\/wp\/v2\/pages"}],"about":[{"href":"http:\/\/renedk.dk\/index.php?rest_route=\/wp\/v2\/types\/page"}],"author":[{"embeddable":true,"href":"http:\/\/renedk.dk\/index.php?rest_route=\/wp\/v2\/users\/1"}],"replies":[{"embeddable":true,"href":"http:\/\/renedk.dk\/index.php?rest_route=%2Fwp%2Fv2%2Fcomments&post=1398"}],"version-history":[{"count":8,"href":"http:\/\/renedk.dk\/index.php?rest_route=\/wp\/v2\/pages\/1398\/revisions"}],"predecessor-version":[{"id":1474,"href":"http:\/\/renedk.dk\/index.php?rest_route=\/wp\/v2\/pages\/1398\/revisions\/1474"}],"wp:attachment":[{"href":"http:\/\/renedk.dk\/index.php?rest_route=%2Fwp%2Fv2%2Fmedia&parent=1398"}],"curies":[{"name":"wp","href":"https:\/\/api.w.org\/{rel}","templated":true}]}}