{"id":1177,"date":"2020-08-22T13:38:37","date_gmt":"2020-08-22T12:38:37","guid":{"rendered":"https:\/\/renedk.dk\/?page_id=1177"},"modified":"2025-10-01T20:18:31","modified_gmt":"2025-10-01T19:18:31","slug":"1177-2","status":"publish","type":"page","link":"http:\/\/renedk.dk\/?page_id=1177","title":{"rendered":"Prisliste"},"content":{"rendered":"<table style=\"width: 99.9183%; height: 910px;\">\n<tbody>\n<tr style=\"height: 27px;\">\n<td style=\"height: 27px; width: 83.2355%;\" colspan=\"9\"><span style=\"font-size: 14pt; color: #fa5705;\">\u00a0<\/span><\/td>\n<td style=\"width: 63.4222%; height: 27px;\"><span style=\"font-size: 14pt; color: #fa5705;\">\u00a0<\/span><\/td>\n<td style=\"width: 140.169%; height: 27px;\"><span style=\"font-size: 14pt; color: #fa5705;\">\u00a0<\/span><\/td>\n<\/tr>\n<tr style=\"height: 33px;\">\n<td style=\"border-style: solid; border-width: 1px; height: 40px; width: 9.51545%; text-align: center;\">Opstaldning<\/td>\n<td style=\"border-style: solid; border-width: 1px; height: 40px; width: 8.1126%; text-align: center;\">Fuldfoder<\/td>\n<td style=\"border-style: solid; border-width: 1px; height: 40px; width: 8.48125%; text-align: center;\">Wrap ad libitum<\/td>\n<td style=\"border-style: solid; border-width: 1px; height: 40px; width: 6.12402%; text-align: center;\">Halm<\/td>\n<td style=\"border-style: solid; border-width: 1px; height: 40px; width: 8.71443%; text-align: center;\">Tr\u00e6piller<\/td>\n<td style=\"border-style: solid; border-width: 1px; height: 40px; width: 10.1515%; text-align: center;\">Udmugning<\/td>\n<td style=\"border-style: solid; border-width: 1px; height: 40px; width: 10.7731%; text-align: center;\">Udlukning alle dage<\/td>\n<td style=\"border-style: solid; border-width: 1px; height: 40px; width: 9.36819%; text-align: center;\">Indlukning alle dage<\/td>\n<td style=\"border-style: solid; border-width: 1px; height: 40px; width: 11.995%; text-align: center;\">Indlukning turnusordning<\/td>\n<td style=\"border-style: solid; border-width: 1px; width: 63.4222%; height: 40px; text-align: center;\">Faciliteter<\/td>\n<td style=\"border-style: solid; border-width: 1px; width: 140.169%; height: 40px; text-align: center;\">Bem\u00e6rkning<\/td>\n<\/tr>\n<tr style=\"height: 45px; background-color: #f5e4d7;\">\n<td style=\"border-style: solid; border-width: 1px; height: 55px; width: 9.51545%; text-align: center;\">Fuldpas af hest i boks <span style=\"color: #ff6600;\">2450kr.-<\/span><\/td>\n<td style=\"border-style: solid; border-width: 1px; height: 55px; width: 8.1126%; text-align: center;\"><span style=\"color: #ff6600;\"><strong>\u221a<\/strong><\/span><\/td>\n<td style=\"border-style: solid; border-width: 1px; height: 55px; width: 8.48125%; text-align: center;\"><span style=\"color: #ff6600;\"><strong>\u221a<\/strong><\/span><\/td>\n<td style=\"border-style: solid; border-width: 1px; height: 55px; width: 6.12402%; text-align: center;\"><span style=\"color: #ff6600;\"><strong>\u221a<\/strong><\/span><\/td>\n<td style=\"border-style: solid; border-width: 1px; height: 55px; width: 8.71443%; text-align: center;\"><\/td>\n<td style=\"border-style: solid; border-width: 1px; height: 55px; width: 10.1515%; text-align: center;\"><span style=\"color: #ff6600;\"><strong>\u221a<\/strong><\/span><\/td>\n<td style=\"border-style: solid; border-width: 1px; height: 55px; width: 10.7731%; text-align: center;\"><span style=\"color: #ff6600;\"><strong>\u221a<\/strong><\/span><\/td>\n<td style=\"border-style: solid; border-width: 1px; height: 55px; width: 9.36819%; text-align: center;\"><span style=\"color: #ff6600;\"><strong>\u221a<\/strong><\/span><\/td>\n<td style=\"border-style: solid; border-width: 1px; height: 55px; width: 11.995%; text-align: center;\"><\/td>\n<td style=\"border-style: solid; border-width: 1px; width: 63.4222%; text-align: center; height: 55px;\"><span style=\"color: #ff6600;\"><strong>\u221a<\/strong><\/span><\/td>\n<td style=\"border-style: solid; border-width: 1px; width: 140.169%; height: 55px; text-align: center;\"><span style=\"color: #ff6600; font-size: 16px;\">1<\/span><\/td>\n<\/tr>\n<tr style=\"height: 37px;\">\n<td style=\"border-style: solid; border-width: 1px; height: 55px; width: 9.51545%; text-align: center;\">Fuldpas af pony i boks <span style=\"color: #ff6600;\">2250kr.-<\/span><\/td>\n<td style=\"border-style: solid; border-width: 1px; height: 55px; width: 8.1126%; text-align: center;\"><span style=\"color: #ff6600;\"><strong>\u221a<\/strong><\/span><\/td>\n<td style=\"border-style: solid; border-width: 1px; height: 55px; width: 8.48125%; text-align: center;\"><span style=\"color: #ff6600;\"><strong>\u221a<\/strong><\/span><\/td>\n<td style=\"border-style: solid; border-width: 1px; height: 55px; width: 6.12402%; text-align: center;\"><span style=\"color: #ff6600;\"><strong>\u221a<\/strong><\/span><\/td>\n<td style=\"border-style: solid; border-width: 1px; height: 55px; width: 8.71443%; text-align: center;\"><\/td>\n<td style=\"border-style: solid; border-width: 1px; height: 55px; width: 10.1515%; text-align: center;\"><span style=\"color: #ff6600;\"><strong>\u221a<\/strong><\/span><\/td>\n<td style=\"border-style: solid; border-width: 1px; height: 55px; width: 10.7731%; text-align: center;\"><span style=\"color: #ff6600;\"><strong>\u221a<\/strong><\/span><\/td>\n<td style=\"border-style: solid; border-width: 1px; height: 55px; width: 9.36819%; text-align: center;\"><span style=\"color: #ff6600;\"><strong>\u221a<\/strong><\/span><\/td>\n<td style=\"border-style: solid; border-width: 1px; height: 55px; width: 11.995%; text-align: center;\"><\/td>\n<td style=\"border-style: solid; border-width: 1px; width: 63.4222%; text-align: center; height: 55px;\"><span style=\"color: #ff6600;\"><strong>\u221a<\/strong><\/span><\/td>\n<td style=\"border-style: solid; border-width: 1px; width: 140.169%; height: 55px; text-align: center;\"><span style=\"color: #ff6600; font-size: 16px;\">2<\/span><\/td>\n<\/tr>\n<tr style=\"background-color: #f5e4d7;\">\n<td style=\"border-style: solid; border-width: 1px; width: 9.51545%; text-align: center;\">Fuldpas af hest i boks <span style=\"color: #ff6600;\">2350kr.-<\/span><\/td>\n<td style=\"border-style: solid; border-width: 1px; width: 8.1126%; text-align: center;\"><span style=\"color: #ff6600;\"><strong><span style=\"color: #ff6600;\">\u221a<\/span><\/strong><\/span><\/td>\n<td style=\"border-style: solid; border-width: 1px; width: 8.48125%; text-align: center;\"><span style=\"color: #ff6600;\"><strong><span style=\"color: #ff6600;\">\u221a<\/span><\/strong><\/span><\/td>\n<td style=\"border-style: solid; border-width: 1px; width: 6.12402%; text-align: center;\"><\/td>\n<td style=\"border-style: solid; border-width: 1px; width: 8.71443%; text-align: center;\"><span style=\"color: #ff6600;\"><strong>\u221a<\/strong><\/span><\/td>\n<td style=\"border-style: solid; border-width: 1px; width: 10.1515%; text-align: center;\"><\/td>\n<td style=\"border-style: solid; border-width: 1px; width: 10.7731%; text-align: center;\"><span style=\"color: #ff6600;\"><strong>\u221a<\/strong><\/span><\/td>\n<td style=\"border-style: solid; border-width: 1px; width: 9.36819%; text-align: center;\"><span style=\"color: #ff6600;\"><strong>\u221a<\/strong><\/span><\/td>\n<td style=\"border-style: solid; border-width: 1px; width: 11.995%; text-align: center;\"><\/td>\n<td style=\"border-style: solid; border-width: 1px; width: 63.4222%; text-align: center;\"><span style=\"color: #ff6600;\"><strong>\u221a<\/strong><\/span><\/td>\n<td style=\"border-style: solid; border-width: 1px; width: 140.169%; text-align: center;\"><span style=\"color: #ff6600; font-size: 16px;\">4<\/span><\/td>\n<\/tr>\n<tr>\n<td style=\"border-style: solid; border-width: 1px; width: 9.51545%; text-align: center;\">Fuldpas af pony i boks <span style=\"color: #ff6600;\">2150kr.-<\/span><\/td>\n<td style=\"border-style: solid; border-width: 1px; width: 8.1126%; text-align: center;\"><span style=\"color: #ff6600;\"><strong>\u221a<\/strong><\/span><\/td>\n<td style=\"border-style: solid; border-width: 1px; width: 8.48125%; text-align: center;\"><span style=\"color: #ff6600;\"><strong>\u221a<\/strong><\/span><\/td>\n<td style=\"border-style: solid; border-width: 1px; width: 6.12402%; text-align: center;\"><span style=\"color: #ff6600;\"><strong>\u00a0<\/strong><\/span><\/td>\n<td style=\"border-style: solid; border-width: 1px; width: 8.71443%; text-align: center;\"><span style=\"color: #ff6600;\"><strong>\u221a<\/strong><\/span><\/td>\n<td style=\"border-style: solid; border-width: 1px; width: 10.1515%; text-align: center;\"><\/td>\n<td style=\"border-style: solid; border-width: 1px; width: 10.7731%; text-align: center;\"><span style=\"color: #ff6600;\"><strong>\u221a<\/strong><\/span><\/td>\n<td style=\"border-style: solid; border-width: 1px; width: 9.36819%; text-align: center;\"><span style=\"color: #ff6600;\"><strong>\u221a<\/strong><\/span><\/td>\n<td style=\"border-style: solid; border-width: 1px; width: 11.995%; text-align: center;\"><\/td>\n<td style=\"border-style: solid; border-width: 1px; width: 63.4222%; text-align: center;\"><span style=\"color: #ff6600;\"><strong>\u221a<\/strong><\/span><\/td>\n<td style=\"border-style: solid; border-width: 1px; width: 140.169%; text-align: center;\"><span style=\"color: #ff6600; font-size: 16px;\">4<\/span><\/td>\n<\/tr>\n<tr style=\"height: 37px; background-color: #f5e4d7;\">\n<td style=\"border-style: solid; border-width: 1px; height: 50px; width: 9.51545%; text-align: center;\">Hest i boks <span style=\"color: #ff6600;\">2150kr.-<\/span><\/td>\n<td style=\"border-style: solid; border-width: 1px; height: 50px; width: 8.1126%; text-align: center;\"><span style=\"color: #ff6600;\"><strong>\u221a<\/strong><\/span><\/td>\n<td style=\"border-style: solid; border-width: 1px; height: 50px; width: 8.48125%; text-align: center;\"><span style=\"color: #ff6600;\"><strong>\u221a<\/strong><\/span><\/td>\n<td style=\"border-style: solid; border-width: 1px; height: 50px; width: 6.12402%; text-align: center;\"><span style=\"color: #ff6600;\"><strong>\u221a<\/strong><\/span><\/td>\n<td style=\"border-style: solid; border-width: 1px; height: 50px; width: 8.71443%; text-align: center;\"><\/td>\n<td style=\"border-style: solid; border-width: 1px; height: 50px; width: 10.1515%; text-align: center;\"><span style=\"color: #ff6600;\"><strong>\u221a<\/strong><\/span><\/td>\n<td style=\"border-style: solid; border-width: 1px; height: 50px; width: 10.7731%; text-align: center;\"><span style=\"color: #ff6600;\"><strong>\u221a<\/strong><\/span><\/td>\n<td style=\"border-style: solid; border-width: 1px; height: 50px; width: 9.36819%; text-align: center;\"><\/td>\n<td style=\"border-style: solid; border-width: 1px; height: 50px; width: 11.995%; text-align: center;\"><span style=\"color: #ff6600;\"><strong>\u221a<\/strong><\/span><\/td>\n<td style=\"border-style: solid; border-width: 1px; width: 63.4222%; text-align: center; height: 50px;\"><span style=\"color: #ff6600;\"><strong>\u221a<\/strong><\/span><\/td>\n<td style=\"border-style: solid; border-width: 1px; width: 140.169%; height: 50px; text-align: center;\"><span style=\"color: #ff6600; font-size: 16px;\">3<\/span><\/td>\n<\/tr>\n<tr style=\"height: 32px;\">\n<td style=\"border-style: solid; border-width: 1px; height: 50px; width: 9.51545%; text-align: center;\">Hest i boks <span style=\"color: #ff6600;\">2050kr.-<\/span><\/td>\n<td style=\"border-style: solid; border-width: 1px; height: 50px; width: 8.1126%; text-align: center;\"><span style=\"color: #ff6600;\"><strong>\u221a<\/strong><\/span><\/td>\n<td style=\"border-style: solid; border-width: 1px; height: 50px; width: 8.48125%; text-align: center;\"><span style=\"color: #ff6600;\"><strong>\u221a<\/strong><\/span><\/td>\n<td style=\"border-style: solid; border-width: 1px; height: 50px; width: 6.12402%; text-align: center;\"><\/td>\n<td style=\"border-style: solid; border-width: 1px; height: 50px; width: 8.71443%; text-align: center;\"><span style=\"color: #ff6600;\"><strong>\u221a<\/strong><\/span><\/td>\n<td style=\"border-style: solid; border-width: 1px; height: 50px; width: 10.1515%; text-align: center;\"><\/td>\n<td style=\"border-style: solid; border-width: 1px; height: 50px; width: 10.7731%; text-align: center;\"><span style=\"color: #ff6600;\"><strong>\u221a<\/strong><\/span><\/td>\n<td style=\"border-style: solid; border-width: 1px; height: 50px; width: 9.36819%; text-align: center;\"><\/td>\n<td style=\"border-style: solid; border-width: 1px; height: 50px; width: 11.995%; text-align: center;\"><span style=\"color: #ff6600;\"><strong>\u221a<\/strong><\/span><\/td>\n<td style=\"border-style: solid; border-width: 1px; width: 63.4222%; text-align: center; height: 50px;\"><span style=\"color: #ff6600;\"><strong>\u221a<\/strong><\/span><\/td>\n<td style=\"border-style: solid; border-width: 1px; width: 140.169%; height: 50px; text-align: center;\"><span style=\"color: #ff6600; font-size: 16px;\">4<\/span><\/td>\n<\/tr>\n<tr style=\"height: 31px; background-color: #f5e4d7;\">\n<td style=\"border-style: solid; border-width: 1px; height: 50px; width: 9.51545%; text-align: center;\">Pony i boks <span style=\"color: #ff6600;\">1950kr.-<\/span><\/td>\n<td style=\"border-style: solid; border-width: 1px; height: 50px; width: 8.1126%; text-align: center;\"><span style=\"color: #ff6600;\"><strong>\u221a<\/strong><\/span><\/td>\n<td style=\"border-style: solid; border-width: 1px; height: 50px; width: 8.48125%; text-align: center;\"><span style=\"color: #ff6600;\"><strong>\u221a<\/strong><\/span><\/td>\n<td style=\"border-style: solid; border-width: 1px; height: 50px; width: 6.12402%; text-align: center;\"><span style=\"color: #ff6600;\"><strong>\u221a<\/strong><\/span><\/td>\n<td style=\"border-style: solid; border-width: 1px; height: 50px; width: 8.71443%; text-align: center;\"><\/td>\n<td style=\"border-style: solid; border-width: 1px; height: 50px; width: 10.1515%; text-align: center;\"><span style=\"color: #ff6600;\"><strong>\u221a<\/strong><\/span><\/td>\n<td style=\"border-style: solid; border-width: 1px; height: 50px; width: 10.7731%; text-align: center;\"><span style=\"color: #ff6600;\"><strong>\u221a<\/strong><\/span><\/td>\n<td style=\"border-style: solid; border-width: 1px; height: 50px; width: 9.36819%; text-align: center;\"><\/td>\n<td style=\"border-style: solid; border-width: 1px; height: 50px; width: 11.995%; text-align: center;\"><span style=\"color: #ff6600;\"><strong>\u221a<\/strong><\/span><\/td>\n<td style=\"border-style: solid; border-width: 1px; width: 63.4222%; text-align: center; height: 50px;\"><span style=\"color: #ff6600;\"><strong>\u221a<\/strong><\/span><\/td>\n<td style=\"border-style: solid; border-width: 1px; width: 140.169%; height: 50px; text-align: center;\"><span style=\"color: #ff6600; font-size: 16px;\">3<\/span><\/td>\n<\/tr>\n<tr style=\"height: 35px;\">\n<td style=\"border-style: solid; border-width: 1px; height: 50px; width: 9.51545%; text-align: center;\">Pony i boks <span style=\"color: #ff6600;\">1850kr.-<\/span><\/td>\n<td style=\"border-style: solid; border-width: 1px; height: 50px; width: 8.1126%; text-align: center;\"><span style=\"color: #ff6600;\"><strong>\u221a<\/strong><\/span><\/td>\n<td style=\"border-style: solid; border-width: 1px; height: 50px; width: 8.48125%; text-align: center;\"><span style=\"color: #ff6600;\"><strong>\u221a<\/strong><\/span><\/td>\n<td style=\"border-style: solid; border-width: 1px; height: 50px; width: 6.12402%; text-align: center;\"><\/td>\n<td style=\"border-style: solid; border-width: 1px; height: 50px; width: 8.71443%; text-align: center;\"><span style=\"color: #ff6600;\"><strong>\u221a<\/strong><\/span><\/td>\n<td style=\"border-style: solid; border-width: 1px; height: 50px; width: 10.1515%; text-align: center;\"><\/td>\n<td style=\"border-style: solid; border-width: 1px; height: 50px; width: 10.7731%; text-align: center;\"><span style=\"color: #ff6600;\"><strong>\u221a<\/strong><\/span><\/td>\n<td style=\"border-style: solid; border-width: 1px; height: 50px; width: 9.36819%; text-align: center;\"><\/td>\n<td style=\"border-style: solid; border-width: 1px; height: 50px; width: 11.995%; text-align: center;\"><span style=\"color: #ff6600;\"><strong>\u221a<\/strong><\/span><\/td>\n<td style=\"border-style: solid; border-width: 1px; width: 63.4222%; text-align: center; height: 50px;\"><span style=\"color: #ff6600;\"><strong>\u221a<\/strong><\/span><\/td>\n<td style=\"border-style: solid; border-width: 1px; width: 140.169%; height: 50px; text-align: center;\"><span style=\"color: #ff6600; font-size: 16px;\">4<\/span><\/td>\n<\/tr>\n<tr style=\"height: 34px; background-color: #f5e4d7;\">\n<td style=\"border-style: solid; border-width: 1px; height: 50px; width: 9.51545%; text-align: center;\">Sommergr\u00e6s <span style=\"color: #ff6600;\">1550kr.-<\/span><\/td>\n<td style=\"border-style: solid; border-width: 1px; height: 50px; width: 8.1126%; text-align: center;\"><span style=\"color: #ff6600;\"><strong>\u221a<\/strong><\/span><\/td>\n<td style=\"border-style: solid; border-width: 1px; height: 50px; width: 8.48125%; text-align: center;\"><\/td>\n<td style=\"border-style: solid; border-width: 1px; height: 50px; width: 6.12402%; text-align: center;\"><\/td>\n<td style=\"border-style: solid; border-width: 1px; height: 50px; width: 8.71443%; text-align: center;\"><\/td>\n<td style=\"border-style: solid; border-width: 1px; height: 50px; width: 10.1515%; text-align: center;\"><\/td>\n<td style=\"border-style: solid; border-width: 1px; height: 50px; width: 10.7731%; text-align: center;\"><\/td>\n<td style=\"border-style: solid; border-width: 1px; height: 50px; width: 9.36819%; text-align: center;\"><\/td>\n<td style=\"border-style: solid; border-width: 1px; height: 50px; width: 11.995%; text-align: center;\"><\/td>\n<td style=\"border-style: solid; border-width: 1px; width: 63.4222%; text-align: center; height: 50px;\"><span style=\"color: #ff6600;\"><strong>\u221a<\/strong><\/span><\/td>\n<td style=\"border-style: solid; border-width: 1px; width: 140.169%; height: 50px; text-align: center;\"><span style=\"color: #ff6600; font-size: 16px;\">5<\/span><\/td>\n<\/tr>\n<tr style=\"height: 24px;\">\n<td style=\"height: 24px; width: 9.51545%;\"><\/td>\n<td style=\"height: 24px; width: 8.1126%;\"><\/td>\n<td style=\"height: 24px; width: 8.48125%;\"><\/td>\n<td style=\"height: 24px; width: 6.12402%;\"><\/td>\n<td style=\"height: 24px; width: 8.71443%;\"><\/td>\n<td style=\"height: 24px; width: 10.1515%;\"><\/td>\n<td style=\"height: 24px; width: 10.7731%;\"><\/td>\n<td style=\"height: 24px; width: 9.36819%;\"><\/td>\n<td style=\"height: 24px; width: 11.995%;\"><\/td>\n<td style=\"width: 63.4222%; height: 24px;\"><\/td>\n<td style=\"width: 140.169%; height: 24px;\"><\/td>\n<\/tr>\n<tr style=\"height: 24px; background-color: #f5e4d7;\">\n<td style=\"width: 286.827%; height: 35px; border-style: solid; border-width: 1px;\" colspan=\"11\"><span style=\"color: #ff6600;\">Rabat ved:<\/span> Eget fuldfoder til hest <span style=\"color: #ff6600;\">150kr.-<\/span> &amp; eget fuldfoder til pony <span style=\"color: #ff6600;\">100kr.-<\/span><\/td>\n<\/tr>\n<tr>\n<td style=\"width: 286.827%;\" colspan=\"11\"><span style=\"color: #ff6600;\">\u00a0<\/span><\/td>\n<\/tr>\n<tr style=\"height: 24px; background-color: #f5e4d7;\">\n<td style=\"width: 286.827%; height: 35px; border-style: solid; border-width: 1px;\" colspan=\"11\">Fuldfoderet vi leverer er: <a href=\"https:\/\/www.horselux.dk\/horselux-easypellets\">Horselux EasyPellets<\/a><\/td>\n<\/tr>\n<tr style=\"height: 24px;\">\n<td style=\"width: 286.827%; height: 10px;\" colspan=\"11\"><\/td>\n<\/tr>\n<tr style=\"background-color: #f5e4d7;\">\n<td style=\"width: 286.827%; height: 35px; border-style: solid; border-width: 1px;\" colspan=\"11\"><span style=\"color: #ff6600;\">Bem\u00e6rkninger:<\/span><\/td>\n<\/tr>\n<tr style=\"background-color: #f5e4d7;\">\n<td style=\"width: 286.827%; height: 35px; border-style: solid; border-width: 1px;\" colspan=\"11\"><span style=\"color: #ff6600;\">1:\u00a0 \u00a0<\/span>Hvis ponyen skal st\u00e5 inde de 4 varmeste m\u00e5neder om \u00e5ret, s\u00e5 er det er krav at ponyen st\u00e5r p\u00e5 tr\u00e6piller for at mindske fluer i stalden.<\/td>\n<\/tr>\n<tr style=\"background-color: #f5e4d7;\">\n<td style=\"width: 286.827%; height: 35px; border-style: solid; border-width: 1px;\" colspan=\"11\"><span style=\"color: #ff6600;\">2:<\/span>\u00a0 \u00a0Hvis ponyen skal st\u00e5 inde de 4 varmeste m\u00e5neder om \u00e5ret, s\u00e5 er det er krav at ponyen st\u00e5r p\u00e5 tr\u00e6piller for at mindske fluer i stalden.<\/td>\n<\/tr>\n<tr style=\"background-color: #f5e4d7;\">\n<td style=\"width: 286.827%; height: 35px; border-style: solid; border-width: 1px;\" colspan=\"11\"><span style=\"color: #ff6600;\">3:<\/span>\u00a0 \u00a0Turnusordningen kan man se mere om p\u00e5 dette <a href=\"https:\/\/renedk.dk\/?page_id=22#link\">#link<\/a><\/td>\n<\/tr>\n<tr style=\"background-color: #f5e4d7;\">\n<td style=\"width: 286.827%; height: 35px; border-style: solid; border-width: 1px;\" colspan=\"11\"><span style=\"color: #ff6600;\">4:<\/span>\u00a0 \u00a0<span style=\"text-decoration: underline;\">Man leverer selv tr\u00e6piller,<\/span>\u00a0og man muger selv boksen, p\u00e5 n\u00e6r den ene gang om \u00e5ret hvor stalden skal vaskes ned.<\/td>\n<\/tr>\n<tr style=\"background-color: #f5e4d7;\">\n<td style=\"width: 286.827%; height: 35px; border-style: solid; border-width: 1px;\" colspan=\"11\"><span style=\"color: #ff6600;\">5:<\/span>\u00a0 \u00a0Sommergr\u00e6s foruds\u00e6tter at hesten\/ponyen g\u00e5r ude alle d\u00f8gnets timer. Fuldfoder skiftes ud i perioden med vitaminer\/mineraler. Sommergr\u00e6s kan ikke kombineres med &#8220;rabat ved eget fuldfoder&#8221;<\/td>\n<\/tr>\n<tr style=\"height: 24px;\">\n<td style=\"width: 286.827%; height: 10px;\" colspan=\"11\"><\/td>\n<\/tr>\n<tr style=\"background-color: #f5e4d7;\">\n<td style=\"width: 286.827%; height: 35px; border-style: solid; border-width: 1px;\" colspan=\"11\">Leje af ridehallen: <span style=\"color: #ff6600;\">50kr.- \/dag &#8211; 250kr.- \/md.<\/span><\/td>\n<\/tr>\n<tr style=\"background-color: #f5e4d7;\">\n<td style=\"width: 286.827%; height: 35px; border-style: solid; border-width: 1px;\" colspan=\"11\">L\u00e5n af Mustang hestetrailer: <span style=\"color: #ff6600;\">150kr.- \/dag.<\/span><\/td>\n<\/tr>\n<tr style=\"height: 24px;\">\n<td style=\"width: 286.827%; height: 10px;\" colspan=\"11\"><\/td>\n<\/tr>\n<tr style=\"height: 24px; background-color: #f5e4d7;\">\n<td style=\"width: 286.827%; height: 35px; border-style: solid; border-width: 1px;\" colspan=\"11\"><span style=\"text-decoration: underline; color: #ff6600;\">Alle oplyste priser vedr. opstaldning er pr. md. og er incl. moms.<\/span>Det skal tages forbehold for tastefejl!<\/td>\n<\/tr>\n<\/tbody>\n<\/table>\n","protected":false},"excerpt":{"rendered":"<p>\u00a0 \u00a0 \u00a0 Opstaldning Fuldfoder Wrap ad libitum Halm Tr\u00e6piller Udmugning Udlukning alle dage Indlukning alle dage Indlukning turnusordning Faciliteter Bem\u00e6rkning Fuldpas af hest i boks 2450kr.- \u221a \u221a \u221a&hellip; <\/p>\n","protected":false},"author":1,"featured_media":0,"parent":0,"menu_order":0,"comment_status":"closed","ping_status":"closed","template":"","meta":{"footnotes":""},"_links":{"self":[{"href":"http:\/\/renedk.dk\/index.php?rest_route=\/wp\/v2\/pages\/1177"}],"collection":[{"href":"http:\/\/renedk.dk\/index.php?rest_route=\/wp\/v2\/pages"}],"about":[{"href":"http:\/\/renedk.dk\/index.php?rest_route=\/wp\/v2\/types\/page"}],"author":[{"embeddable":true,"href":"http:\/\/renedk.dk\/index.php?rest_route=\/wp\/v2\/users\/1"}],"replies":[{"embeddable":true,"href":"http:\/\/renedk.dk\/index.php?rest_route=%2Fwp%2Fv2%2Fcomments&post=1177"}],"version-history":[{"count":135,"href":"http:\/\/renedk.dk\/index.php?rest_route=\/wp\/v2\/pages\/1177\/revisions"}],"predecessor-version":[{"id":1485,"href":"http:\/\/renedk.dk\/index.php?rest_route=\/wp\/v2\/pages\/1177\/revisions\/1485"}],"wp:attachment":[{"href":"http:\/\/renedk.dk\/index.php?rest_route=%2Fwp%2Fv2%2Fmedia&parent=1177"}],"curies":[{"name":"wp","href":"https:\/\/api.w.org\/{rel}","templated":true}]}}